{"id":336,"date":"2025-12-15T15:54:17","date_gmt":"2025-12-15T15:54:17","guid":{"rendered":"https:\/\/uvhm.site\/2026\/?page_id=336"},"modified":"2025-12-15T15:54:17","modified_gmt":"2025-12-15T15:54:17","slug":"nosotros","status":"publish","type":"page","link":"https:\/\/uvhm.site\/2026\/nosotros\/","title":{"rendered":"Nosotros"},"content":{"rendered":"<p>[et_pb_section fb_built=&#8221;1&#8243; _builder_version=&#8221;4.27.5&#8243; _module_preset=&#8221;default&#8221; global_colors_info=&#8221;{}&#8221; theme_builder_area=&#8221;post_content&#8221;][et_pb_row _builder_version=&#8221;4.27.5&#8243; _module_preset=&#8221;default&#8221; global_colors_info=&#8221;{}&#8221; theme_builder_area=&#8221;post_content&#8221;][et_pb_column type=&#8221;4_4&#8243; _builder_version=&#8221;4.27.5&#8243; _module_preset=&#8221;default&#8221; global_colors_info=&#8221;{}&#8221; theme_builder_area=&#8221;post_content&#8221;][et_pb_text _builder_version=&#8221;4.27.5&#8243; _module_preset=&#8221;default&#8221; background_color=&#8221;#F9B529&#8243; hover_enabled=&#8221;0&#8243; global_colors_info=&#8221;{}&#8221; theme_builder_area=&#8221;post_content&#8221; sticky_enabled=&#8221;0&#8243;]<\/p>\n<h2 style=\"text-align: center;\"><span style=\"color: #ffffff;\">Nosotros<\/span><\/h2>\n<p>[\/et_pb_text][\/et_pb_column][\/et_pb_row][et_pb_row _builder_version=&#8221;4.27.5&#8243; _module_preset=&#8221;default&#8221; theme_builder_area=&#8221;post_content&#8221; column_structure=&#8221;1_2,1_2&#8243;][et_pb_column _builder_version=&#8221;4.27.5&#8243; _module_preset=&#8221;default&#8221; type=&#8221;1_2&#8243; theme_builder_area=&#8221;post_content&#8221;][et_pb_image src=&#8221;https:\/\/uvhm.site\/2026\/wp-content\/uploads\/2025\/12\/1-1.png&#8221; _builder_version=&#8221;4.27.5&#8243; _module_preset=&#8221;default&#8221; theme_builder_area=&#8221;post_content&#8221; title_text=&#8221;1&#8243; hover_enabled=&#8221;0&#8243; sticky_enabled=&#8221;0&#8243; align=&#8221;center&#8221;][\/et_pb_image][\/et_pb_column][et_pb_column _builder_version=&#8221;4.27.5&#8243; _module_preset=&#8221;default&#8221; type=&#8221;1_2&#8243; theme_builder_area=&#8221;post_content&#8221;][et_pb_text _builder_version=&#8221;4.27.5&#8243; _module_preset=&#8221;default&#8221; theme_builder_area=&#8221;post_content&#8221; hover_enabled=&#8221;0&#8243; sticky_enabled=&#8221;0&#8243;]<\/p>\n<section class=\"elementor-section elementor-top-section elementor-element elementor-element-20e68d05 elementor-section-boxed elementor-section-height-default elementor-section-height-default\" data-id=\"20e68d05\" data-element_type=\"section\">\n<div class=\"elementor-container elementor-column-gap-default\">\n<div class=\"elementor-column elementor-col-100 elementor-top-column elementor-element elementor-element-63db6d0f\" data-id=\"63db6d0f\" data-element_type=\"column\">\n<div class=\"elementor-widget-wrap elementor-element-populated\">\n<div class=\"elementor-element elementor-element-6ae13f6d elementor-widget elementor-widget-text-editor\" data-id=\"6ae13f6d\" data-element_type=\"widget\" data-widget_type=\"text-editor.default\">\n<div class=\"elementor-widget-container\">\n<h5 class=\"has-text-color\" style=\"text-align: justify;\"><span>La UVHM es una instituci\u00f3n que imparte conocimiento en l\u00ednea. Ofrecemos un aprendizaje de calidad, sin la necesidad de asistir a un aula f\u00edsica, con flexibilidad en horarios y cuotas accesibles. En la UVHM trabajamos mediante una plataforma\u00a0<em>online<\/em>\u00a0que mejora y facilita la experiencia de aprendizaje del alumno. La utilizaci\u00f3n de la Internet como herramienta pedag\u00f3gica din\u00e1mica permite a estudiantes y tutores acceder a un entorno de comunicaci\u00f3n, colaboraci\u00f3n y conocimiento, con gran diversidad de enfoques. La metodolog\u00eda de ense\u00f1anza-aprendizaje se basa en la conjunta construcci\u00f3n del conocimiento entre el alumno, sus compa\u00f1eros y el tutor, por medio de pr\u00e1cticas y materiales audiovisuales, y promoviendo un aprendizaje colaborativo a trav\u00e9s de la resoluci\u00f3n de problemas, la participaci\u00f3n en el desarrollo de proyectos, la elaboraci\u00f3n de productos, la discusi\u00f3n y la exploraci\u00f3n.<\/span><\/h5>\n<\/div>\n<\/div>\n<\/div>\n<\/div>\n<\/div>\n<\/section>\n<section class=\"elementor-section elementor-top-section elementor-element elementor-element-b9ff3f2 elementor-section-boxed elementor-section-height-default elementor-section-height-default\" data-id=\"b9ff3f2\" data-element_type=\"section\">\n<div class=\"elementor-container elementor-column-gap-default\">\n<div class=\"elementor-column elementor-col-100 elementor-top-column elementor-element elementor-element-e5ab3d3\" data-id=\"e5ab3d3\" data-element_type=\"column\">\n<div class=\"elementor-widget-wrap elementor-element-populated\">\n<div class=\"elementor-element elementor-element-6ca7d06 elementor-widget elementor-widget-heading\" data-id=\"6ca7d06\" data-element_type=\"widget\" data-widget_type=\"heading.default\">\n<div class=\"elementor-widget-container\"><\/div>\n<\/div>\n<\/div>\n<\/div>\n<\/div>\n<\/section>\n<p>[\/et_pb_text][\/et_pb_column][\/et_pb_row][et_pb_row _builder_version=&#8221;4.27.5&#8243; _module_preset=&#8221;default&#8221; theme_builder_area=&#8221;post_content&#8221; column_structure=&#8221;1_2,1_2&#8243;][et_pb_column _builder_version=&#8221;4.27.5&#8243; _module_preset=&#8221;default&#8221; type=&#8221;1_2&#8243; theme_builder_area=&#8221;post_content&#8221;][et_pb_image src=&#8221;https:\/\/uvhm.site\/2026\/wp-content\/uploads\/2025\/12\/2.png&#8221; _builder_version=&#8221;4.27.5&#8243; _module_preset=&#8221;default&#8221; theme_builder_area=&#8221;post_content&#8221; title_text=&#8221;2&#8243; hover_enabled=&#8221;0&#8243; sticky_enabled=&#8221;0&#8243; align=&#8221;center&#8221;][\/et_pb_image][\/et_pb_column][et_pb_column _builder_version=&#8221;4.27.5&#8243; _module_preset=&#8221;default&#8221; type=&#8221;1_2&#8243; theme_builder_area=&#8221;post_content&#8221;][et_pb_text _builder_version=&#8221;4.27.5&#8243; _module_preset=&#8221;default&#8221; theme_builder_area=&#8221;post_content&#8221; hover_enabled=&#8221;0&#8243; sticky_enabled=&#8221;0&#8243;]<\/p>\n<section class=\"elementor-section elementor-top-section elementor-element elementor-element-b9ff3f2 elementor-section-boxed elementor-section-height-default elementor-section-height-default\" data-id=\"b9ff3f2\" data-element_type=\"section\">\n<div class=\"elementor-container elementor-column-gap-default\">\n<div class=\"elementor-column elementor-col-100 elementor-top-column elementor-element elementor-element-e5ab3d3\" data-id=\"e5ab3d3\" data-element_type=\"column\">\n<div class=\"elementor-widget-wrap elementor-element-populated\">\n<div class=\"elementor-element elementor-element-b680627 elementor-widget elementor-widget-text-editor\" data-id=\"b680627\" data-element_type=\"widget\" data-widget_type=\"text-editor.default\">\n<h5 class=\"elementor-widget-container\" style=\"text-align: justify;\">La Universidad Virtual Hisp\u00e1nica de M\u00e9xico es una instituci\u00f3n que tiene como misi\u00f3n formar profesionistas \u00edntegros que, desde diversos campos de conocimiento y con alto nivel competitivo desarrollan actividades de investigaci\u00f3n, docencia, vinculaci\u00f3n, difusi\u00f3n y extensi\u00f3n, respondiendo a las innovaciones cient\u00edficas y tecnol\u00f3gicas para generar nuevos conocimientos y servicios de calidad a trav\u00e9s de una planta acad\u00e9mica de alto nivel, planes de estudios actualizados, con pertinencia social y enfoque de internacionalizaci\u00f3n.<\/h5>\n<\/div>\n<\/div>\n<\/div>\n<\/div>\n<\/section>\n<section class=\"elementor-section elementor-top-section elementor-element elementor-element-73eec4a elementor-section-boxed elementor-section-height-default elementor-section-height-default\" data-id=\"73eec4a\" data-element_type=\"section\">\n<div class=\"elementor-container elementor-column-gap-default\">\n<div class=\"elementor-column elementor-col-100 elementor-top-column elementor-element elementor-element-33e2e1a\" data-id=\"33e2e1a\" data-element_type=\"column\">\n<div class=\"elementor-widget-wrap elementor-element-populated\">\n<div class=\"elementor-element elementor-element-7058b86 elementor-widget elementor-widget-heading\" data-id=\"7058b86\" data-element_type=\"widget\" data-widget_type=\"heading.default\">\n<div class=\"elementor-widget-container\"><\/div>\n<\/div>\n<\/div>\n<\/div>\n<\/div>\n<\/section>\n<p>[\/et_pb_text][\/et_pb_column][\/et_pb_row][et_pb_row _builder_version=&#8221;4.27.5&#8243; _module_preset=&#8221;default&#8221; theme_builder_area=&#8221;post_content&#8221; column_structure=&#8221;1_2,1_2&#8243;][et_pb_column _builder_version=&#8221;4.27.5&#8243; _module_preset=&#8221;default&#8221; type=&#8221;1_2&#8243; theme_builder_area=&#8221;post_content&#8221;][et_pb_image src=&#8221;https:\/\/uvhm.site\/2026\/wp-content\/uploads\/2025\/12\/3.png&#8221; _builder_version=&#8221;4.27.5&#8243; _module_preset=&#8221;default&#8221; theme_builder_area=&#8221;post_content&#8221; title_text=&#8221;3&#8243; align=&#8221;center&#8221; hover_enabled=&#8221;0&#8243; sticky_enabled=&#8221;0&#8243;][\/et_pb_image][\/et_pb_column][et_pb_column _builder_version=&#8221;4.27.5&#8243; _module_preset=&#8221;default&#8221; type=&#8221;1_2&#8243; theme_builder_area=&#8221;post_content&#8221;][et_pb_text _builder_version=&#8221;4.27.5&#8243; _module_preset=&#8221;default&#8221; theme_builder_area=&#8221;post_content&#8221; hover_enabled=&#8221;0&#8243; sticky_enabled=&#8221;0&#8243;]<\/p>\n<section class=\"elementor-section elementor-top-section elementor-element elementor-element-73eec4a elementor-section-boxed elementor-section-height-default elementor-section-height-default\" data-id=\"73eec4a\" data-element_type=\"section\">\n<div class=\"elementor-container elementor-column-gap-default\">\n<div class=\"elementor-column elementor-col-100 elementor-top-column elementor-element elementor-element-33e2e1a\" data-id=\"33e2e1a\" data-element_type=\"column\">\n<div class=\"elementor-widget-wrap elementor-element-populated\">\n<div class=\"elementor-element elementor-element-7cdcea7 elementor-widget elementor-widget-text-editor\" data-id=\"7cdcea7\" data-element_type=\"widget\" data-widget_type=\"text-editor.default\">\n<h5 class=\"elementor-widget-container\" style=\"text-align: justify;\">Ser una instituci\u00f3n con calidad reconocida y prestigio con un modelo de internacionalizaci\u00f3n consolidado que impulsa un modelo educativo innovador basado en el uso de herramientas tecnol\u00f3gicas que aseguran su capacidad y competitividad acad\u00e9mica.<\/h5>\n<\/div>\n<\/div>\n<\/div>\n<\/div>\n<\/section>\n<section class=\"elementor-section elementor-top-section elementor-element elementor-element-7fd084d elementor-section-boxed elementor-section-height-default elementor-section-height-default\" data-id=\"7fd084d\" data-element_type=\"section\">\n<div class=\"elementor-container elementor-column-gap-default\">\n<div class=\"elementor-column elementor-col-100 elementor-top-column elementor-element elementor-element-a227df6\" data-id=\"a227df6\" data-element_type=\"column\">\n<div class=\"elementor-widget-wrap elementor-element-populated\">\n<div class=\"elementor-element elementor-element-0c0b21a elementor-widget elementor-widget-heading\" data-id=\"0c0b21a\" data-element_type=\"widget\" data-widget_type=\"heading.default\">\n<div class=\"elementor-widget-container\"><\/div>\n<\/div>\n<\/div>\n<\/div>\n<\/div>\n<\/section>\n<p>[\/et_pb_text][\/et_pb_column][\/et_pb_row][\/et_pb_section]<\/p>\n","protected":false},"excerpt":{"rendered":"<p>Nosotros La UVHM es una instituci\u00f3n que imparte conocimiento en l\u00ednea. Ofrecemos un aprendizaje de calidad, sin la necesidad de asistir a un aula f\u00edsica, con flexibilidad en horarios y cuotas accesibles. En la UVHM trabajamos mediante una plataforma\u00a0online\u00a0que mejora y facilita la experiencia de aprendizaje del alumno. La utilizaci\u00f3n de la Internet como herramienta [&hellip;]<\/p>\n","protected":false},"author":1,"featured_media":0,"parent":0,"menu_order":0,"comment_status":"closed","ping_status":"closed","template":"","meta":{"_et_pb_use_builder":"on","_et_pb_old_content":"","_et_gb_content_width":"","footnotes":""},"class_list":["post-336","page","type-page","status-publish","hentry"],"_links":{"self":[{"href":"https:\/\/uvhm.site\/2026\/wp-json\/wp\/v2\/pages\/336","targetHints":{"allow":["GET"]}}],"collection":[{"href":"https:\/\/uvhm.site\/2026\/wp-json\/wp\/v2\/pages"}],"about":[{"href":"https:\/\/uvhm.site\/2026\/wp-json\/wp\/v2\/types\/page"}],"author":[{"embeddable":true,"href":"https:\/\/uvhm.site\/2026\/wp-json\/wp\/v2\/users\/1"}],"replies":[{"embeddable":true,"href":"https:\/\/uvhm.site\/2026\/wp-json\/wp\/v2\/comments?post=336"}],"version-history":[{"count":2,"href":"https:\/\/uvhm.site\/2026\/wp-json\/wp\/v2\/pages\/336\/revisions"}],"predecessor-version":[{"id":342,"href":"https:\/\/uvhm.site\/2026\/wp-json\/wp\/v2\/pages\/336\/revisions\/342"}],"wp:attachment":[{"href":"https:\/\/uvhm.site\/2026\/wp-json\/wp\/v2\/media?parent=336"}],"curies":[{"name":"wp","href":"https:\/\/api.w.org\/{rel}","templated":true}]}}