{"id":269,"date":"2025-12-15T04:23:07","date_gmt":"2025-12-15T04:23:07","guid":{"rendered":"https:\/\/uvhm.site\/2026\/?page_id=269"},"modified":"2025-12-15T04:23:07","modified_gmt":"2025-12-15T04:23:07","slug":"oferta-academica","status":"publish","type":"page","link":"https:\/\/uvhm.site\/2026\/oferta-academica\/","title":{"rendered":"Oferta acad\u00e9mica"},"content":{"rendered":"\n[et_pb_section fb_built=&#8221;1&#8243; theme_builder_area=&#8221;post_content&#8221; _builder_version=&#8221;4.27.5&#8243; _module_preset=&#8221;default&#8221;][et_pb_row _builder_version=&#8221;4.27.5&#8243; _module_preset=&#8221;default&#8221; theme_builder_area=&#8221;post_content&#8221;][et_pb_column _builder_version=&#8221;4.27.5&#8243; _module_preset=&#8221;default&#8221; type=&#8221;4_4&#8243; theme_builder_area=&#8221;post_content&#8221;][et_pb_text _builder_version=&#8221;4.27.5&#8243; _module_preset=&#8221;default&#8221; theme_builder_area=&#8221;post_content&#8221; background_color=&#8221;#F9B529&#8243; hover_enabled=&#8221;0&#8243; sticky_enabled=&#8221;0&#8243;]<h2 style=\"text-align: center;\"><span style=\"color: #ffffff;\">Nuestra oferta por nivel<\/span><\/h2>[\/et_pb_text][\/et_pb_column][\/et_pb_row][et_pb_row _builder_version=&#8221;4.27.5&#8243; _module_preset=&#8221;default&#8221; theme_builder_area=&#8221;post_content&#8221; column_structure=&#8221;1_3,1_3,1_3&#8243; border_color_top=&#8221;#3FBFE6&#8243; border_width_top=&#8221;3px&#8221; hover_enabled=&#8221;0&#8243; sticky_enabled=&#8221;0&#8243;][et_pb_column _builder_version=&#8221;4.27.5&#8243; _module_preset=&#8221;default&#8221; type=&#8221;1_3&#8243; theme_builder_area=&#8221;post_content&#8221;][et_pb_image src=&#8221;https:\/\/uvhm.site\/2026\/wp-content\/uploads\/2025\/12\/Bach300x300.png&#8221; _builder_version=&#8221;4.27.5&#8243; _module_preset=&#8221;default&#8221; theme_builder_area=&#8221;post_content&#8221; title_text=&#8221;Bach300x300&#8243; hover_enabled=&#8221;0&#8243; sticky_enabled=&#8221;0&#8243;][\/et_pb_image][\/et_pb_column][et_pb_column _builder_version=&#8221;4.27.5&#8243; _module_preset=&#8221;default&#8221; type=&#8221;1_3&#8243; theme_builder_area=&#8221;post_content&#8221;][et_pb_text _builder_version=&#8221;4.27.5&#8243; _module_preset=&#8221;default&#8221; theme_builder_area=&#8221;post_content&#8221; hover_enabled=&#8221;0&#8243; sticky_enabled=&#8221;0&#8243;]<h5 style=\"text-align: justify;\">El Bachillerato General, formar\u00e1 j\u00f3venes y adultos con conciencia de su condici\u00f3n y fortaleza para el ejercicio integral de la ciudadan\u00eda y la vivencia en ambientes de paz, democracia e integraci\u00f3n.<\/h5>[\/et_pb_text][\/et_pb_column][et_pb_column _builder_version=&#8221;4.27.5&#8243; _module_preset=&#8221;default&#8221; type=&#8221;1_3&#8243; theme_builder_area=&#8221;post_content&#8221;][et_pb_button button_text=&#8221;Ir a Bachillerato General&#8221; _builder_version=&#8221;4.27.5&#8243; _module_preset=&#8221;default&#8221; theme_builder_area=&#8221;post_content&#8221; url_new_window=&#8221;on&#8221; button_url=&#8221;https:\/\/uvhm.site\/2026\/bachillerato\/&#8221; hover_enabled=&#8221;0&#8243; sticky_enabled=&#8221;0&#8243;][\/et_pb_button][\/et_pb_column][\/et_pb_row][et_pb_row _builder_version=&#8221;4.27.5&#8243; _module_preset=&#8221;default&#8221; theme_builder_area=&#8221;post_content&#8221; column_structure=&#8221;1_3,1_3,1_3&#8243; border_color_top=&#8221;#3FBFE6&#8243; border_width_top=&#8221;3px&#8221; hover_enabled=&#8221;0&#8243; sticky_enabled=&#8221;0&#8243;][et_pb_column _builder_version=&#8221;4.27.5&#8243; _module_preset=&#8221;default&#8221; type=&#8221;1_3&#8243; theme_builder_area=&#8221;post_content&#8221;][et_pb_image src=&#8221;https:\/\/uvhm.site\/2026\/wp-content\/uploads\/2025\/12\/Lic300x300.png&#8221; _builder_version=&#8221;4.27.5&#8243; _module_preset=&#8221;default&#8221; theme_builder_area=&#8221;post_content&#8221; title_text=&#8221;Lic300x300&#8243; hover_enabled=&#8221;0&#8243; sticky_enabled=&#8221;0&#8243;][\/et_pb_image][\/et_pb_column][et_pb_column _builder_version=&#8221;4.27.5&#8243; _module_preset=&#8221;default&#8221; type=&#8221;1_3&#8243; theme_builder_area=&#8221;post_content&#8221;][et_pb_text _builder_version=&#8221;4.27.5&#8243; _module_preset=&#8221;default&#8221; theme_builder_area=&#8221;post_content&#8221; hover_enabled=&#8221;0&#8243; sticky_enabled=&#8221;0&#8243;]<h5>Licenciaturas:<\/h5>\n<ul>\n<li>\n<h5>Licenciatura en Administraci\u00f3n y Direcci\u00f3n de Empresas<\/h5>\n<\/li>\n<li>\n<h5>Licenciatura en Ciencias de la Comunicaci\u00f3n<\/h5>\n<\/li>\n<li>\n<h5>Licenciatura en Contadur\u00eda<\/h5>\n<\/li>\n<li>\n<h5>Licenciatura en Derecho<\/h5>\n<\/li>\n<li>\n<h5>Licenciatura en Econom\u00eda<\/h5>\n<\/li>\n<li>\n<h5>Licenciatura en Historia<\/h5>\n<\/li>\n<li>\n<h5>Licenciatura en Mercadotecnia<\/h5>\n<\/li>\n<li>\n<h5>Licenciatura en Publicidad<\/h5>\n<\/li>\n<li>\n<h5>Licenciatura en Sistemas Computacionales<\/h5>\n<\/li>\n<\/ul>[\/et_pb_text][\/et_pb_column][et_pb_column _builder_version=&#8221;4.27.5&#8243; _module_preset=&#8221;default&#8221; type=&#8221;1_3&#8243; theme_builder_area=&#8221;post_content&#8221;][et_pb_button button_text=&#8221;Ir a secci\u00f3n de Licenciaturas&#8221; _builder_version=&#8221;4.27.5&#8243; _module_preset=&#8221;default&#8221; theme_builder_area=&#8221;post_content&#8221; hover_enabled=&#8221;0&#8243; sticky_enabled=&#8221;0&#8243;][\/et_pb_button][\/et_pb_column][\/et_pb_row][et_pb_row _builder_version=&#8221;4.27.5&#8243; _module_preset=&#8221;default&#8221; theme_builder_area=&#8221;post_content&#8221; column_structure=&#8221;1_3,1_3,1_3&#8243; border_width_top=&#8221;3px&#8221; hover_enabled=&#8221;0&#8243; sticky_enabled=&#8221;0&#8243; border_color_all=&#8221;#3FBFE6&#8243;][et_pb_column _builder_version=&#8221;4.27.5&#8243; _module_preset=&#8221;default&#8221; type=&#8221;1_3&#8243; theme_builder_area=&#8221;post_content&#8221;][et_pb_image src=&#8221;https:\/\/uvhm.site\/2026\/wp-content\/uploads\/2025\/12\/Maes300x300.png&#8221; _builder_version=&#8221;4.27.5&#8243; _module_preset=&#8221;default&#8221; theme_builder_area=&#8221;post_content&#8221; title_text=&#8221;Maes300x300&#8243; hover_enabled=&#8221;0&#8243; sticky_enabled=&#8221;0&#8243;][\/et_pb_image][\/et_pb_column][et_pb_column _builder_version=&#8221;4.27.5&#8243; _module_preset=&#8221;default&#8221; type=&#8221;1_3&#8243; theme_builder_area=&#8221;post_content&#8221;][et_pb_text _builder_version=&#8221;4.27.5&#8243; _module_preset=&#8221;default&#8221; theme_builder_area=&#8221;post_content&#8221; hover_enabled=&#8221;0&#8243; sticky_enabled=&#8221;0&#8243;]<h5>Nuestras maestr\u00edas:<\/h5>\n<ul>\n<li>\n<h5>Maestr\u00eda en Administraci\u00f3n de la Calidad<\/h5>\n<\/li>\n<li>\n<h5>Maestr\u00eda en Ciencias Ambientales<\/h5>\n<\/li>\n<li>\n<h5>Maestr\u00eda en Derecho<\/h5>\n<\/li>\n<li>\n<h5>Maestr\u00eda en Desarrollo Regional<\/h5>\n<\/li>\n<li>\n<h5>Maestr\u00eda en Docencia<\/h5>\n<\/li>\n<li>\n<h5>Maestr\u00eda en Finanzas<\/h5>\n<\/li>\n<li>\n<h5>Maestr\u00eda en Gobierno Electr\u00f3nico<\/h5>\n<\/li>\n<\/ul>[\/et_pb_text][\/et_pb_column][et_pb_column _builder_version=&#8221;4.27.5&#8243; _module_preset=&#8221;default&#8221; type=&#8221;1_3&#8243; theme_builder_area=&#8221;post_content&#8221;][et_pb_button button_text=&#8221;Ir a secci\u00f3n de Maestr\u00edas&#8221; _builder_version=&#8221;4.27.5&#8243; _module_preset=&#8221;default&#8221; theme_builder_area=&#8221;post_content&#8221; hover_enabled=&#8221;0&#8243; sticky_enabled=&#8221;0&#8243;][\/et_pb_button][\/et_pb_column][\/et_pb_row][et_pb_row _builder_version=&#8221;4.27.5&#8243; _module_preset=&#8221;default&#8221; theme_builder_area=&#8221;post_content&#8221; column_structure=&#8221;1_3,1_3,1_3&#8243;][et_pb_column _builder_version=&#8221;4.27.5&#8243; _module_preset=&#8221;default&#8221; type=&#8221;1_3&#8243; theme_builder_area=&#8221;post_content&#8221;][et_pb_image src=&#8221;https:\/\/uvhm.site\/2026\/wp-content\/uploads\/2025\/12\/Doc300x300.png&#8221; _builder_version=&#8221;4.27.5&#8243; _module_preset=&#8221;default&#8221; theme_builder_area=&#8221;post_content&#8221; title_text=&#8221;Doc300x300&#8243; hover_enabled=&#8221;0&#8243; sticky_enabled=&#8221;0&#8243;][\/et_pb_image][\/et_pb_column][et_pb_column _builder_version=&#8221;4.27.5&#8243; _module_preset=&#8221;default&#8221; type=&#8221;1_3&#8243; theme_builder_area=&#8221;post_content&#8221;][et_pb_text _builder_version=&#8221;4.27.5&#8243; _module_preset=&#8221;default&#8221; theme_builder_area=&#8221;post_content&#8221; hover_enabled=&#8221;0&#8243; sticky_enabled=&#8221;0&#8243;]<h5>Nuestros doctorados:<\/h5>\n<ul>\n<li>\n<h5>Doctorado en Ciencias Jur\u00eddicas<\/h5>\n<\/li>\n<li>\n<h5>Doctorado en Educaci\u00f3n<\/h5>\n<\/li>\n<\/ul>[\/et_pb_text][\/et_pb_column][et_pb_column _builder_version=&#8221;4.27.5&#8243; _module_preset=&#8221;default&#8221; type=&#8221;1_3&#8243; theme_builder_area=&#8221;post_content&#8221;][et_pb_button button_text=&#8221;Ir a secci\u00f3n de Doctorados&#8221; _builder_version=&#8221;4.27.5&#8243; _module_preset=&#8221;default&#8221; theme_builder_area=&#8221;post_content&#8221; hover_enabled=&#8221;0&#8243; sticky_enabled=&#8221;0&#8243;][\/et_pb_button][\/et_pb_column][\/et_pb_row][\/et_pb_section]\n","protected":false},"excerpt":{"rendered":"<p>Nuestra oferta por nivelEl Bachillerato General, formar\u00e1 j\u00f3venes y adultos con conciencia de su condici\u00f3n y fortaleza para el ejercicio integral de la ciudadan\u00eda y la vivencia en ambientes de paz, democracia e integraci\u00f3n.Licenciaturas: Licenciatura en Administraci\u00f3n y Direcci\u00f3n de Empresas Licenciatura en Ciencias de la Comunicaci\u00f3n Licenciatura en Contadur\u00eda Licenciatura en Derecho Licenciatura en [&hellip;]<\/p>\n","protected":false},"author":1,"featured_media":0,"parent":0,"menu_order":0,"comment_status":"closed","ping_status":"closed","template":"","meta":{"_et_pb_use_builder":"on","_et_pb_old_content":"","_et_gb_content_width":"","footnotes":""},"class_list":["post-269","page","type-page","status-publish","hentry"],"_links":{"self":[{"href":"https:\/\/uvhm.site\/2026\/wp-json\/wp\/v2\/pages\/269","targetHints":{"allow":["GET"]}}],"collection":[{"href":"https:\/\/uvhm.site\/2026\/wp-json\/wp\/v2\/pages"}],"about":[{"href":"https:\/\/uvhm.site\/2026\/wp-json\/wp\/v2\/types\/page"}],"author":[{"embeddable":true,"href":"https:\/\/uvhm.site\/2026\/wp-json\/wp\/v2\/users\/1"}],"replies":[{"embeddable":true,"href":"https:\/\/uvhm.site\/2026\/wp-json\/wp\/v2\/comments?post=269"}],"version-history":[{"count":3,"href":"https:\/\/uvhm.site\/2026\/wp-json\/wp\/v2\/pages\/269\/revisions"}],"predecessor-version":[{"id":277,"href":"https:\/\/uvhm.site\/2026\/wp-json\/wp\/v2\/pages\/269\/revisions\/277"}],"wp:attachment":[{"href":"https:\/\/uvhm.site\/2026\/wp-json\/wp\/v2\/media?parent=269"}],"curies":[{"name":"wp","href":"https:\/\/api.w.org\/{rel}","templated":true}]}}