{"id":263,"date":"2025-12-15T03:58:12","date_gmt":"2025-12-15T03:58:12","guid":{"rendered":"https:\/\/uvhm.site\/2026\/?page_id=263"},"modified":"2025-12-15T05:52:21","modified_gmt":"2025-12-15T05:52:21","slug":"english-test","status":"publish","type":"page","link":"https:\/\/uvhm.site\/2026\/english-test\/","title":{"rendered":"English test"},"content":{"rendered":"<p>[et_pb_section fb_built=&#8221;1&#8243; _builder_version=&#8221;4.27.5&#8243; _module_preset=&#8221;default&#8221; global_colors_info=&#8221;{}&#8221;][et_pb_row _builder_version=&#8221;4.27.5&#8243; _module_preset=&#8221;default&#8221; global_colors_info=&#8221;{}&#8221;][et_pb_column type=&#8221;4_4&#8243; _builder_version=&#8221;4.27.5&#8243; _module_preset=&#8221;default&#8221; global_colors_info=&#8221;{}&#8221;][et_pb_text _builder_version=&#8221;4.27.5&#8243; _module_preset=&#8221;default&#8221; global_colors_info=&#8221;{}&#8221;]<\/p>\n<h2 style=\"text-align: center;\"><span style=\"color: #0000ff;\">Certificaci\u00f3n de conocimientos del idioma Ingl\u00e9s<\/span><\/h2>\n<p>[\/et_pb_text][\/et_pb_column][\/et_pb_row][et_pb_row column_structure=&#8221;1_2,1_2&#8243; _builder_version=&#8221;4.27.5&#8243; _module_preset=&#8221;default&#8221; global_colors_info=&#8221;{}&#8221;][et_pb_column type=&#8221;1_2&#8243; _builder_version=&#8221;4.27.5&#8243; _module_preset=&#8221;default&#8221; background_color=&#8221;#0047ba&#8221; global_colors_info=&#8221;{}&#8221;][et_pb_text _builder_version=&#8221;4.27.5&#8243; _module_preset=&#8221;default&#8221; hover_enabled=&#8221;0&#8243; global_colors_info=&#8221;{}&#8221; background_color=&#8221;#3FBFE6&#8243; sticky_enabled=&#8221;0&#8243;]<\/p>\n<p style=\"text-align: justify;\"><span style=\"color: #ffffff;\">Acerca del test para certificar los conocimientos del idioma ingl\u00e9s de la Universidad Virtual Hisp\u00e1nica de M\u00e9xico.<\/span><\/p>\n<p style=\"text-align: justify;\"><span style=\"color: #ffffff;\">El instrumento est\u00e1 orientado a la validaci\u00f3n de conocimiento del idioma Ingl\u00e9s solicitado para el egreso de los programas educativos de la Universidad Virtual Hisp\u00e1nica de M\u00e9xico.\u00a0<\/span><\/p>\n<div style=\"text-align: justify;\"><span style=\"color: #ffffff;\">Estructura: 100 reactivos (20% vocabulario b\u00e1sico, 26% gram\u00e1tica, 20% comprensi\u00f3n lectora, 17% comprensi\u00f3n auditiva y 17% funciones comunicativas)<\/span><\/div>\n<div>\n<div style=\"text-align: justify;\"><\/div>\n<div>\n<p><span style=\"color: #ffffff;\">Tiempo estimado: 30 minutos.<\/span><\/p>\n<div>\n<div style=\"text-align: justify;\"><\/div>\n<div style=\"text-align: justify;\"><span style=\"color: #ffffff;\">Recomendaciones:<\/span><\/div>\n<div>\n<ul>\n<li style=\"text-align: justify;\"><span style=\"color: #ffffff;\">Verifica tu conectividad de Internet durante la prueba.<\/span><\/li>\n<li style=\"text-align: justify;\"><span style=\"color: #ffffff;\">Verifica que cuentes con bocinas (speakers), las utilizar\u00e1s en la secci\u00f3n de comprensi\u00f3n auditiva.<\/span><\/li>\n<li style=\"text-align: justify;\"><span style=\"color: #ffffff;\">Minimiza el uso de otras aplicaciones durante la prueba.<\/span><\/li>\n<li style=\"text-align: justify;\"><span style=\"color: #ffffff;\">Utiliza un espacio libre de distracciones.<\/span><\/li>\n<li style=\"text-align: justify;\"><span style=\"color: #ffffff;\">Deber\u00e1 autenticarse con su acceso institucional @uvhm.edu.mx.<\/span><\/li>\n<\/ul>\n<\/div>\n<\/div>\n<\/div>\n<\/div>\n<p>[\/et_pb_text][\/et_pb_column][et_pb_column type=&#8221;1_2&#8243; _builder_version=&#8221;4.27.5&#8243; _module_preset=&#8221;default&#8221; background_color=&#8221;#F9B529&#8243; global_colors_info=&#8221;{}&#8221;][et_pb_button button_url=&#8221;https:\/\/docs.google.com\/forms\/d\/e\/1FAIpQLSfd0YkATsjU6djd0RkaGW0r2SUMBypofYXboHma_o_KNEBxgw\/viewform?usp=sharing&#038;ouid=114287750904588116670&#8243; url_new_window=&#8221;on&#8221; button_text=&#8221;Ir al Test&#8221; button_alignment=&#8221;center&#8221; _builder_version=&#8221;4.27.5&#8243; _module_preset=&#8221;default&#8221; box_shadow_style=&#8221;preset1&#8243; box_shadow_vertical=&#8221;7px&#8221; global_colors_info=&#8221;{}&#8221;][\/et_pb_button][\/et_pb_column][\/et_pb_row][et_pb_row _builder_version=&#8221;4.27.5&#8243; _module_preset=&#8221;default&#8221; global_colors_info=&#8221;{}&#8221;][et_pb_column type=&#8221;4_4&#8243; _builder_version=&#8221;4.27.5&#8243; _module_preset=&#8221;default&#8221; global_colors_info=&#8221;{}&#8221;][et_pb_code _builder_version=&#8221;4.27.5&#8243; _module_preset=&#8221;default&#8221; global_colors_info=&#8221;{}&#8221;][\/et_pb_code][\/et_pb_column][\/et_pb_row][\/et_pb_section]<\/p>\n","protected":false},"excerpt":{"rendered":"<p>Certificaci\u00f3n de conocimientos del idioma Ingl\u00e9sAcerca del test para certificar los conocimientos del idioma ingl\u00e9s de la Universidad Virtual Hisp\u00e1nica de M\u00e9xico. El instrumento est\u00e1 orientado a la validaci\u00f3n de conocimiento del idioma Ingl\u00e9s solicitado para el egreso de los programas educativos de la Universidad Virtual Hisp\u00e1nica de M\u00e9xico.\u00a0 Estructura: 100 reactivos (20% vocabulario b\u00e1sico, [&hellip;]<\/p>\n","protected":false},"author":1,"featured_media":0,"parent":0,"menu_order":0,"comment_status":"closed","ping_status":"closed","template":"","meta":{"_et_pb_use_builder":"on","_et_pb_old_content":"","_et_gb_content_width":"","footnotes":""},"class_list":["post-263","page","type-page","status-publish","hentry"],"_links":{"self":[{"href":"https:\/\/uvhm.site\/2026\/wp-json\/wp\/v2\/pages\/263","targetHints":{"allow":["GET"]}}],"collection":[{"href":"https:\/\/uvhm.site\/2026\/wp-json\/wp\/v2\/pages"}],"about":[{"href":"https:\/\/uvhm.site\/2026\/wp-json\/wp\/v2\/types\/page"}],"author":[{"embeddable":true,"href":"https:\/\/uvhm.site\/2026\/wp-json\/wp\/v2\/users\/1"}],"replies":[{"embeddable":true,"href":"https:\/\/uvhm.site\/2026\/wp-json\/wp\/v2\/comments?post=263"}],"version-history":[{"count":4,"href":"https:\/\/uvhm.site\/2026\/wp-json\/wp\/v2\/pages\/263\/revisions"}],"predecessor-version":[{"id":302,"href":"https:\/\/uvhm.site\/2026\/wp-json\/wp\/v2\/pages\/263\/revisions\/302"}],"wp:attachment":[{"href":"https:\/\/uvhm.site\/2026\/wp-json\/wp\/v2\/media?parent=263"}],"curies":[{"name":"wp","href":"https:\/\/api.w.org\/{rel}","templated":true}]}}